{"id":37,"date":"2023-03-29T16:01:24","date_gmt":"2023-03-29T19:01:24","guid":{"rendered":"https:\/\/maquira.com.br\/wp63\/?page_id=37"},"modified":"2023-08-29T16:44:01","modified_gmt":"2023-08-29T19:44:01","slug":"ifu","status":"publish","type":"page","link":"https:\/\/maquira.com.br\/wp63\/ifu\/","title":{"rendered":"Instru\u00e7\u00f5es de uso"},"content":{"rendered":"<p>Para acessar as instru\u00e7\u00f5es de uso dos nossos produtos, basta procurar pelo nome do produto que voc\u00ea tem em m\u00e3os e clicar nos links abaixo para encontrar todas as informa\u00e7\u00f5es dispon\u00edveis.<\/p>\n","protected":false},"excerpt":{"rendered":"<p>Para acessar as instru\u00e7\u00f5es de uso dos nossos produtos, basta procurar pelo nome do produto que voc\u00ea tem em m\u00e3os e clicar nos links abaixo para encontrar todas as informa\u00e7\u00f5es dispon\u00edveis.<\/p>\n","protected":false},"author":1,"featured_media":0,"parent":0,"menu_order":4,"comment_status":"closed","ping_status":"closed","template":"page-instrucoes.php","meta":{"footnotes":""},"class_list":["post-37","page","type-page","status-publish","hentry"],"acf":[],"yoast_head":"<!-- This site is optimized with the Yoast SEO plugin v20.9 - https:\/\/yoast.com\/wordpress\/plugins\/seo\/ -->\n<title>Instru\u00e7\u00f5es de Uso de Produtos Maquira<\/title>\n<meta name=\"description\" content=\"Encontre as instru\u00e7\u00f5es de uso detalhadas dos produtos oferecidos pela Maquira Ind\u00fastria de Produtos Odontol\u00f3gicos\" \/>\n<meta name=\"robots\" content=\"index, follow, max-snippet:-1, max-image-preview:large, max-video-preview:-1\" \/>\n<link rel=\"canonical\" href=\"https:\/\/maquira.com.br\/wp63\/ifu\/\" \/>\n<meta property=\"og:locale\" content=\"pt_BR\" \/>\n<meta property=\"og:type\" content=\"article\" \/>\n<meta property=\"og:title\" content=\"Instru\u00e7\u00f5es de Uso de Produtos Maquira\" \/>\n<meta property=\"og:description\" content=\"Encontre as instru\u00e7\u00f5es de uso detalhadas dos produtos oferecidos pela Maquira Ind\u00fastria de Produtos Odontol\u00f3gicos\" \/>\n<meta property=\"og:url\" content=\"https:\/\/maquira.com.br\/wp63\/ifu\/\" \/>\n<meta property=\"og:site_name\" content=\"Maquira\" \/>\n<meta property=\"article:publisher\" content=\"https:\/\/www.facebook.com\/maquiradentalgroup\" \/>\n<meta property=\"article:modified_time\" content=\"2023-08-29T19:44:01+00:00\" \/>\n<meta property=\"og:image\" content=\"https:\/\/maquira.com.br\/wp63\/wp-content\/uploads\/2023\/05\/m1.jpg\" \/>\n\t<meta property=\"og:image:width\" content=\"900\" \/>\n\t<meta property=\"og:image:height\" content=\"600\" \/>\n\t<meta property=\"og:image:type\" content=\"image\/jpeg\" \/>\n<meta name=\"twitter:card\" content=\"summary_large_image\" \/>\n<meta name=\"twitter:label1\" content=\"Est. tempo de leitura\" \/>\n\t<meta name=\"twitter:data1\" content=\"1 minuto\" \/>\n<script type=\"application\/ld+json\" class=\"yoast-schema-graph\">{\"@context\":\"https:\/\/schema.org\",\"@graph\":[{\"@type\":\"WebPage\",\"@id\":\"https:\/\/maquira.com.br\/wp63\/ifu\/\",\"url\":\"https:\/\/maquira.com.br\/wp63\/ifu\/\",\"name\":\"Instru\u00e7\u00f5es de Uso de Produtos Maquira\",\"isPartOf\":{\"@id\":\"https:\/\/maquira.com.br\/wp63\/#website\"},\"datePublished\":\"2023-03-29T19:01:24+00:00\",\"dateModified\":\"2023-08-29T19:44:01+00:00\",\"description\":\"Encontre as instru\u00e7\u00f5es de uso detalhadas dos produtos oferecidos pela Maquira Ind\u00fastria de Produtos Odontol\u00f3gicos\",\"breadcrumb\":{\"@id\":\"https:\/\/maquira.com.br\/wp63\/ifu\/#breadcrumb\"},\"inLanguage\":\"pt-BR\",\"potentialAction\":[{\"@type\":\"ReadAction\",\"target\":[\"https:\/\/maquira.com.br\/wp63\/ifu\/\"]}]},{\"@type\":\"BreadcrumbList\",\"@id\":\"https:\/\/maquira.com.br\/wp63\/ifu\/#breadcrumb\",\"itemListElement\":[{\"@type\":\"ListItem\",\"position\":1,\"name\":\"In\u00edcio\",\"item\":\"https:\/\/maquira.com.br\/wp63\/\"},{\"@type\":\"ListItem\",\"position\":2,\"name\":\"Instru\u00e7\u00f5es de uso\"}]},{\"@type\":\"WebSite\",\"@id\":\"https:\/\/maquira.com.br\/wp63\/#website\",\"url\":\"https:\/\/maquira.com.br\/wp63\/\",\"name\":\"Maquira\",\"description\":\"\",\"publisher\":{\"@id\":\"https:\/\/maquira.com.br\/wp63\/#organization\"},\"potentialAction\":[{\"@type\":\"SearchAction\",\"target\":{\"@type\":\"EntryPoint\",\"urlTemplate\":\"https:\/\/maquira.com.br\/wp63\/?s={search_term_string}\"},\"query-input\":\"required name=search_term_string\"}],\"inLanguage\":\"pt-BR\"},{\"@type\":\"Organization\",\"@id\":\"https:\/\/maquira.com.br\/wp63\/#organization\",\"name\":\"Maquira\",\"alternateName\":\"Maquira\",\"url\":\"https:\/\/maquira.com.br\/wp63\/\",\"logo\":{\"@type\":\"ImageObject\",\"inLanguage\":\"pt-BR\",\"@id\":\"https:\/\/maquira.com.br\/wp63\/#\/schema\/logo\/image\/\",\"url\":\"https:\/\/maquira.com.br\/wp63\/wp-content\/uploads\/2023\/05\/m1.jpg\",\"contentUrl\":\"https:\/\/maquira.com.br\/wp63\/wp-content\/uploads\/2023\/05\/m1.jpg\",\"width\":900,\"height\":600,\"caption\":\"Maquira\"},\"image\":{\"@id\":\"https:\/\/maquira.com.br\/wp63\/#\/schema\/logo\/image\/\"},\"sameAs\":[\"https:\/\/www.facebook.com\/maquiradentalgroup\",\"https:\/\/www.linkedin.com\/company\/maquira\",\"https:\/\/www.instagram.com\/maquiradentalgroup\/\",\"https:\/\/www.youtube.com\/channel\/UCvbWpRmyX5WArQ1VbxcLJFg\"]}]}<\/script>\n<!-- \/ Yoast SEO plugin. -->","yoast_head_json":{"title":"Instru\u00e7\u00f5es de Uso de Produtos Maquira","description":"Encontre as instru\u00e7\u00f5es de uso detalhadas dos produtos oferecidos pela Maquira Ind\u00fastria de Produtos Odontol\u00f3gicos","robots":{"index":"index","follow":"follow","max-snippet":"max-snippet:-1","max-image-preview":"max-image-preview:large","max-video-preview":"max-video-preview:-1"},"canonical":"https:\/\/maquira.com.br\/wp63\/ifu\/","og_locale":"pt_BR","og_type":"article","og_title":"Instru\u00e7\u00f5es de Uso de Produtos Maquira","og_description":"Encontre as instru\u00e7\u00f5es de uso detalhadas dos produtos oferecidos pela Maquira Ind\u00fastria de Produtos Odontol\u00f3gicos","og_url":"https:\/\/maquira.com.br\/wp63\/ifu\/","og_site_name":"Maquira","article_publisher":"https:\/\/www.facebook.com\/maquiradentalgroup","article_modified_time":"2023-08-29T19:44:01+00:00","og_image":[{"width":900,"height":600,"url":"https:\/\/maquira.com.br\/wp63\/wp-content\/uploads\/2023\/05\/m1.jpg","type":"image\/jpeg"}],"twitter_card":"summary_large_image","twitter_misc":{"Est. tempo de leitura":"1 minuto"},"schema":{"@context":"https:\/\/schema.org","@graph":[{"@type":"WebPage","@id":"https:\/\/maquira.com.br\/wp63\/ifu\/","url":"https:\/\/maquira.com.br\/wp63\/ifu\/","name":"Instru\u00e7\u00f5es de Uso de Produtos Maquira","isPartOf":{"@id":"https:\/\/maquira.com.br\/wp63\/#website"},"datePublished":"2023-03-29T19:01:24+00:00","dateModified":"2023-08-29T19:44:01+00:00","description":"Encontre as instru\u00e7\u00f5es de uso detalhadas dos produtos oferecidos pela Maquira Ind\u00fastria de Produtos Odontol\u00f3gicos","breadcrumb":{"@id":"https:\/\/maquira.com.br\/wp63\/ifu\/#breadcrumb"},"inLanguage":"pt-BR","potentialAction":[{"@type":"ReadAction","target":["https:\/\/maquira.com.br\/wp63\/ifu\/"]}]},{"@type":"BreadcrumbList","@id":"https:\/\/maquira.com.br\/wp63\/ifu\/#breadcrumb","itemListElement":[{"@type":"ListItem","position":1,"name":"In\u00edcio","item":"https:\/\/maquira.com.br\/wp63\/"},{"@type":"ListItem","position":2,"name":"Instru\u00e7\u00f5es de uso"}]},{"@type":"WebSite","@id":"https:\/\/maquira.com.br\/wp63\/#website","url":"https:\/\/maquira.com.br\/wp63\/","name":"Maquira","description":"","publisher":{"@id":"https:\/\/maquira.com.br\/wp63\/#organization"},"potentialAction":[{"@type":"SearchAction","target":{"@type":"EntryPoint","urlTemplate":"https:\/\/maquira.com.br\/wp63\/?s={search_term_string}"},"query-input":"required name=search_term_string"}],"inLanguage":"pt-BR"},{"@type":"Organization","@id":"https:\/\/maquira.com.br\/wp63\/#organization","name":"Maquira","alternateName":"Maquira","url":"https:\/\/maquira.com.br\/wp63\/","logo":{"@type":"ImageObject","inLanguage":"pt-BR","@id":"https:\/\/maquira.com.br\/wp63\/#\/schema\/logo\/image\/","url":"https:\/\/maquira.com.br\/wp63\/wp-content\/uploads\/2023\/05\/m1.jpg","contentUrl":"https:\/\/maquira.com.br\/wp63\/wp-content\/uploads\/2023\/05\/m1.jpg","width":900,"height":600,"caption":"Maquira"},"image":{"@id":"https:\/\/maquira.com.br\/wp63\/#\/schema\/logo\/image\/"},"sameAs":["https:\/\/www.facebook.com\/maquiradentalgroup","https:\/\/www.linkedin.com\/company\/maquira","https:\/\/www.instagram.com\/maquiradentalgroup\/","https:\/\/www.youtube.com\/channel\/UCvbWpRmyX5WArQ1VbxcLJFg"]}]}},"_links":{"self":[{"href":"https:\/\/maquira.com.br\/wp63\/wp-json\/wp\/v2\/pages\/37","targetHints":{"allow":["GET"]}}],"collection":[{"href":"https:\/\/maquira.com.br\/wp63\/wp-json\/wp\/v2\/pages"}],"about":[{"href":"https:\/\/maquira.com.br\/wp63\/wp-json\/wp\/v2\/types\/page"}],"author":[{"embeddable":true,"href":"https:\/\/maquira.com.br\/wp63\/wp-json\/wp\/v2\/users\/1"}],"replies":[{"embeddable":true,"href":"https:\/\/maquira.com.br\/wp63\/wp-json\/wp\/v2\/comments?post=37"}],"version-history":[{"count":0,"href":"https:\/\/maquira.com.br\/wp63\/wp-json\/wp\/v2\/pages\/37\/revisions"}],"wp:attachment":[{"href":"https:\/\/maquira.com.br\/wp63\/wp-json\/wp\/v2\/media?parent=37"}],"curies":[{"name":"wp","href":"https:\/\/api.w.org\/{rel}","templated":true}]}}