{"id":71,"date":"2023-04-03T11:20:19","date_gmt":"2023-04-03T14:20:19","guid":{"rendered":"https:\/\/maquira.com.br\/wp63\/?page_id=71"},"modified":"2023-09-11T15:33:07","modified_gmt":"2023-09-11T18:33:07","slug":"pagina-de-inicio","status":"publish","type":"page","link":"https:\/\/maquira.com.br\/wp63\/es\/","title":{"rendered":"P\u00e1gina de inicio"},"content":{"rendered":"","protected":false},"excerpt":{"rendered":"","protected":false},"author":1,"featured_media":0,"parent":0,"menu_order":0,"comment_status":"closed","ping_status":"closed","template":"page-home.php","meta":{"footnotes":""},"class_list":["post-71","page","type-page","status-publish","hentry"],"acf":[],"yoast_head":"<!-- This site is optimized with the Yoast SEO plugin v20.9 - https:\/\/yoast.com\/wordpress\/plugins\/seo\/ -->\n<title>Maquira: Calidad, Innovaci\u00f3n y Tecnolog\u00eda en Odontolog\u00eda<\/title>\n<meta name=\"description\" content=\"Maquira es una referencia mundial en calidad, innovaci\u00f3n y tecnolog\u00eda en la industria odontol\u00f3gica. Con un amplio portafolio de aproximadamente 400 productos\" \/>\n<meta name=\"robots\" content=\"index, follow, max-snippet:-1, max-image-preview:large, max-video-preview:-1\" \/>\n<link rel=\"canonical\" href=\"https:\/\/maquira.com.br\/wp63\/es\/\" \/>\n<meta property=\"og:locale\" content=\"pt_BR\" \/>\n<meta property=\"og:type\" content=\"article\" \/>\n<meta property=\"og:title\" content=\"Maquira: Calidad, Innovaci\u00f3n y Tecnolog\u00eda en Odontolog\u00eda\" \/>\n<meta property=\"og:description\" content=\"Maquira es una referencia mundial en calidad, innovaci\u00f3n y tecnolog\u00eda en la industria odontol\u00f3gica. Con un amplio portafolio de aproximadamente 400 productos\" \/>\n<meta property=\"og:url\" content=\"https:\/\/maquira.com.br\/wp63\/es\/\" \/>\n<meta property=\"og:site_name\" content=\"Maquira\" \/>\n<meta property=\"article:publisher\" content=\"https:\/\/www.facebook.com\/maquiradentalgroup\" \/>\n<meta property=\"article:modified_time\" content=\"2023-09-11T18:33:07+00:00\" \/>\n<meta property=\"og:image\" content=\"https:\/\/maquira.com.br\/wp63\/wp-content\/uploads\/2023\/05\/m1.jpg\" \/>\n\t<meta property=\"og:image:width\" content=\"900\" \/>\n\t<meta property=\"og:image:height\" content=\"600\" \/>\n\t<meta property=\"og:image:type\" content=\"image\/jpeg\" \/>\n<meta name=\"twitter:card\" content=\"summary_large_image\" \/>\n<script type=\"application\/ld+json\" class=\"yoast-schema-graph\">{\"@context\":\"https:\/\/schema.org\",\"@graph\":[{\"@type\":\"WebPage\",\"@id\":\"https:\/\/maquira.com.br\/wp63\/es\/\",\"url\":\"https:\/\/maquira.com.br\/wp63\/es\/\",\"name\":\"Maquira: Calidad, Innovaci\u00f3n y Tecnolog\u00eda en Odontolog\u00eda\",\"isPartOf\":{\"@id\":\"https:\/\/maquira.com.br\/wp63\/#website\"},\"datePublished\":\"2023-04-03T14:20:19+00:00\",\"dateModified\":\"2023-09-11T18:33:07+00:00\",\"description\":\"Maquira es una referencia mundial en calidad, innovaci\u00f3n y tecnolog\u00eda en la industria odontol\u00f3gica. Con un amplio portafolio de aproximadamente 400 productos\",\"breadcrumb\":{\"@id\":\"https:\/\/maquira.com.br\/wp63\/es\/#breadcrumb\"},\"inLanguage\":\"pt-BR\",\"potentialAction\":[{\"@type\":\"ReadAction\",\"target\":[\"https:\/\/maquira.com.br\/wp63\/es\/\"]}]},{\"@type\":\"BreadcrumbList\",\"@id\":\"https:\/\/maquira.com.br\/wp63\/es\/#breadcrumb\",\"itemListElement\":[{\"@type\":\"ListItem\",\"position\":1,\"name\":\"In\u00edcio\",\"item\":\"https:\/\/maquira.com.br\/wp63\/\"},{\"@type\":\"ListItem\",\"position\":2,\"name\":\"P\u00e1gina de inicio\"}]},{\"@type\":\"WebSite\",\"@id\":\"https:\/\/maquira.com.br\/wp63\/#website\",\"url\":\"https:\/\/maquira.com.br\/wp63\/\",\"name\":\"Maquira\",\"description\":\"\",\"publisher\":{\"@id\":\"https:\/\/maquira.com.br\/wp63\/#organization\"},\"potentialAction\":[{\"@type\":\"SearchAction\",\"target\":{\"@type\":\"EntryPoint\",\"urlTemplate\":\"https:\/\/maquira.com.br\/wp63\/?s={search_term_string}\"},\"query-input\":\"required name=search_term_string\"}],\"inLanguage\":\"pt-BR\"},{\"@type\":\"Organization\",\"@id\":\"https:\/\/maquira.com.br\/wp63\/#organization\",\"name\":\"Maquira\",\"alternateName\":\"Maquira\",\"url\":\"https:\/\/maquira.com.br\/wp63\/\",\"logo\":{\"@type\":\"ImageObject\",\"inLanguage\":\"pt-BR\",\"@id\":\"https:\/\/maquira.com.br\/wp63\/#\/schema\/logo\/image\/\",\"url\":\"https:\/\/maquira.com.br\/wp63\/wp-content\/uploads\/2023\/05\/m1.jpg\",\"contentUrl\":\"https:\/\/maquira.com.br\/wp63\/wp-content\/uploads\/2023\/05\/m1.jpg\",\"width\":900,\"height\":600,\"caption\":\"Maquira\"},\"image\":{\"@id\":\"https:\/\/maquira.com.br\/wp63\/#\/schema\/logo\/image\/\"},\"sameAs\":[\"https:\/\/www.facebook.com\/maquiradentalgroup\",\"https:\/\/www.linkedin.com\/company\/maquira\",\"https:\/\/www.instagram.com\/maquiradentalgroup\/\",\"https:\/\/www.youtube.com\/channel\/UCvbWpRmyX5WArQ1VbxcLJFg\"]}]}<\/script>\n<!-- \/ Yoast SEO plugin. -->","yoast_head_json":{"title":"Maquira: Calidad, Innovaci\u00f3n y Tecnolog\u00eda en Odontolog\u00eda","description":"Maquira es una referencia mundial en calidad, innovaci\u00f3n y tecnolog\u00eda en la industria odontol\u00f3gica. Con un amplio portafolio de aproximadamente 400 productos","robots":{"index":"index","follow":"follow","max-snippet":"max-snippet:-1","max-image-preview":"max-image-preview:large","max-video-preview":"max-video-preview:-1"},"canonical":"https:\/\/maquira.com.br\/wp63\/es\/","og_locale":"pt_BR","og_type":"article","og_title":"Maquira: Calidad, Innovaci\u00f3n y Tecnolog\u00eda en Odontolog\u00eda","og_description":"Maquira es una referencia mundial en calidad, innovaci\u00f3n y tecnolog\u00eda en la industria odontol\u00f3gica. Con un amplio portafolio de aproximadamente 400 productos","og_url":"https:\/\/maquira.com.br\/wp63\/es\/","og_site_name":"Maquira","article_publisher":"https:\/\/www.facebook.com\/maquiradentalgroup","article_modified_time":"2023-09-11T18:33:07+00:00","og_image":[{"width":900,"height":600,"url":"https:\/\/maquira.com.br\/wp63\/wp-content\/uploads\/2023\/05\/m1.jpg","type":"image\/jpeg"}],"twitter_card":"summary_large_image","schema":{"@context":"https:\/\/schema.org","@graph":[{"@type":"WebPage","@id":"https:\/\/maquira.com.br\/wp63\/es\/","url":"https:\/\/maquira.com.br\/wp63\/es\/","name":"Maquira: Calidad, Innovaci\u00f3n y Tecnolog\u00eda en Odontolog\u00eda","isPartOf":{"@id":"https:\/\/maquira.com.br\/wp63\/#website"},"datePublished":"2023-04-03T14:20:19+00:00","dateModified":"2023-09-11T18:33:07+00:00","description":"Maquira es una referencia mundial en calidad, innovaci\u00f3n y tecnolog\u00eda en la industria odontol\u00f3gica. Con un amplio portafolio de aproximadamente 400 productos","breadcrumb":{"@id":"https:\/\/maquira.com.br\/wp63\/es\/#breadcrumb"},"inLanguage":"pt-BR","potentialAction":[{"@type":"ReadAction","target":["https:\/\/maquira.com.br\/wp63\/es\/"]}]},{"@type":"BreadcrumbList","@id":"https:\/\/maquira.com.br\/wp63\/es\/#breadcrumb","itemListElement":[{"@type":"ListItem","position":1,"name":"In\u00edcio","item":"https:\/\/maquira.com.br\/wp63\/"},{"@type":"ListItem","position":2,"name":"P\u00e1gina de inicio"}]},{"@type":"WebSite","@id":"https:\/\/maquira.com.br\/wp63\/#website","url":"https:\/\/maquira.com.br\/wp63\/","name":"Maquira","description":"","publisher":{"@id":"https:\/\/maquira.com.br\/wp63\/#organization"},"potentialAction":[{"@type":"SearchAction","target":{"@type":"EntryPoint","urlTemplate":"https:\/\/maquira.com.br\/wp63\/?s={search_term_string}"},"query-input":"required name=search_term_string"}],"inLanguage":"pt-BR"},{"@type":"Organization","@id":"https:\/\/maquira.com.br\/wp63\/#organization","name":"Maquira","alternateName":"Maquira","url":"https:\/\/maquira.com.br\/wp63\/","logo":{"@type":"ImageObject","inLanguage":"pt-BR","@id":"https:\/\/maquira.com.br\/wp63\/#\/schema\/logo\/image\/","url":"https:\/\/maquira.com.br\/wp63\/wp-content\/uploads\/2023\/05\/m1.jpg","contentUrl":"https:\/\/maquira.com.br\/wp63\/wp-content\/uploads\/2023\/05\/m1.jpg","width":900,"height":600,"caption":"Maquira"},"image":{"@id":"https:\/\/maquira.com.br\/wp63\/#\/schema\/logo\/image\/"},"sameAs":["https:\/\/www.facebook.com\/maquiradentalgroup","https:\/\/www.linkedin.com\/company\/maquira","https:\/\/www.instagram.com\/maquiradentalgroup\/","https:\/\/www.youtube.com\/channel\/UCvbWpRmyX5WArQ1VbxcLJFg"]}]}},"_links":{"self":[{"href":"https:\/\/maquira.com.br\/wp63\/wp-json\/wp\/v2\/pages\/71","targetHints":{"allow":["GET"]}}],"collection":[{"href":"https:\/\/maquira.com.br\/wp63\/wp-json\/wp\/v2\/pages"}],"about":[{"href":"https:\/\/maquira.com.br\/wp63\/wp-json\/wp\/v2\/types\/page"}],"author":[{"embeddable":true,"href":"https:\/\/maquira.com.br\/wp63\/wp-json\/wp\/v2\/users\/1"}],"replies":[{"embeddable":true,"href":"https:\/\/maquira.com.br\/wp63\/wp-json\/wp\/v2\/comments?post=71"}],"version-history":[{"count":0,"href":"https:\/\/maquira.com.br\/wp63\/wp-json\/wp\/v2\/pages\/71\/revisions"}],"wp:attachment":[{"href":"https:\/\/maquira.com.br\/wp63\/wp-json\/wp\/v2\/media?parent=71"}],"curies":[{"name":"wp","href":"https:\/\/api.w.org\/{rel}","templated":true}]}}